{"id":10419,"date":"2022-01-21T09:47:38","date_gmt":"2022-01-21T08:47:38","guid":{"rendered":"https:\/\/www.bancali-biz.org\/?page_id=10419"},"modified":"2025-06-06T13:50:04","modified_gmt":"2025-06-06T11:50:04","slug":"harremanetan-jarri","status":"publish","type":"page","link":"https:\/\/www.bancali-biz.org\/eu\/harremanetan-jarri\/","title":{"rendered":"Harremanetan Jarri"},"content":{"rendered":"\t\t<div data-elementor-type=\"wp-page\" data-elementor-id=\"10419\" class=\"elementor elementor-10419 elementor-33\" data-elementor-post-type=\"page\">\n\t\t\t\t\t\t<section class=\"elementor-section elementor-top-section elementor-element elementor-element-7a9a463 elementor-section-boxed elementor-section-height-default elementor-section-height-default\" data-id=\"7a9a463\" data-element_type=\"section\" data-e-type=\"section\">\n\t\t\t\t\t\t<div class=\"elementor-container elementor-column-gap-default\">\n\t\t\t\t\t<div class=\"elementor-column elementor-col-100 elementor-top-column elementor-element elementor-element-33791c0\" data-id=\"33791c0\" data-element_type=\"column\" data-e-type=\"column\">\n\t\t\t<div class=\"elementor-widget-wrap elementor-element-populated\">\n\t\t\t\t\t\t<div class=\"elementor-element elementor-element-288ffcc elementor-widget elementor-widget-spacer\" data-id=\"288ffcc\" data-element_type=\"widget\" data-e-type=\"widget\" data-widget_type=\"spacer.default\">\n\t\t\t\t<div class=\"elementor-widget-container\">\n\t\t\t\t\t\t\t<div class=\"elementor-spacer\">\n\t\t\t<div class=\"elementor-spacer-inner\"><\/div>\n\t\t<\/div>\n\t\t\t\t\t\t<\/div>\n\t\t\t\t<\/div>\n\t\t\t\t<div class=\"elementor-element elementor-element-977fe51 elementor-widget elementor-widget-jet-switcher\" data-id=\"977fe51\" data-element_type=\"widget\" data-e-type=\"widget\" data-widget_type=\"jet-switcher.default\">\n\t\t\t\t<div class=\"elementor-widget-container\">\n\t\t\t\t\t<div class=\"jet-switcher jet-switcher--preset-1 jet-switcher-move-up-effect jet-switcher--disable\" data-settings=\"{&quot;effect&quot;:&quot;move-up&quot;}\">\n\t\t\t<div class=\"jet-switcher__control-wrapper\"><div class=\"jet-switcher__control-instance\">\n\t<div class=\"jet-switcher__control-handler\"><span><\/span><\/div>\n\t<div class=\"jet-switcher__control jet-switcher__control--disable\" role=\"button\" tabindex=\"0\" aria-controls=\"jet-switcher-content-disable-977fe51\" aria-expanded=\"true\" aria-label=\"Basauri\"><div class=\"jet-switcher__label-text\">Basauri<\/div><\/div>\n\t<div class=\"jet-switcher__control jet-switcher__control--enable\" role=\"button\" tabindex=\"0\" aria-controls=\"jet-switcher-content-enable-977fe51\" aria-expanded=\"false\" aria-label=\"MercaBilbao\"><div class=\"jet-switcher__label-text\">MercaBilbao<\/div><\/div>\n<\/div>\n\n<\/div>\n\t\t\t<div class=\"jet-switcher__content-wrapper\"><div id=\"jet-switcher-content-disable-977fe51\" class=\"jet-switcher__content jet-switcher__content--disable active-content\" aria-hidden=\"false\">\t\t<div data-elementor-type=\"section\" data-elementor-id=\"637\" class=\"elementor elementor-637\" data-elementor-post-type=\"elementor_library\">\n\t\t\t\t\t<section class=\"elementor-section elementor-top-section elementor-element elementor-element-451e1470 elementor-section-boxed elementor-section-height-default elementor-section-height-default\" data-id=\"451e1470\" data-element_type=\"section\" data-e-type=\"section\">\n\t\t\t\t\t\t<div class=\"elementor-container elementor-column-gap-default\">\n\t\t\t\t\t<div class=\"elementor-column elementor-col-50 elementor-top-column elementor-element elementor-element-23498927\" data-id=\"23498927\" data-element_type=\"column\" data-e-type=\"column\" data-settings=\"{&quot;background_background&quot;:&quot;classic&quot;}\">\n\t\t\t<div class=\"elementor-widget-wrap elementor-element-populated\">\n\t\t\t\t\t\t<div class=\"elementor-element elementor-element-337d58b1 elementor-widget elementor-widget-text-editor\" data-id=\"337d58b1\" data-element_type=\"widget\" data-e-type=\"widget\" data-widget_type=\"text-editor.default\">\n\t\t\t\t<div class=\"elementor-widget-container\">\n\t\t\t\t\t\t\t\t\t<p><strong>Basauri<\/strong><br \/>Avda. Cervantes, 49<br \/>Mod. 7 &#8211; P. Baja<br \/>48970 Basauri (Bizkaia)<br \/>944 499 258 <br \/>general@bancali-biz.org<br \/>Horario: L-V, 8:30-12:30 h.<\/p>\t\t\t\t\t\t\t\t<\/div>\n\t\t\t\t<\/div>\n\t\t\t\t\t<\/div>\n\t\t<\/div>\n\t\t\t\t<div class=\"elementor-column elementor-col-50 elementor-top-column elementor-element elementor-element-3205ce72\" data-id=\"3205ce72\" data-element_type=\"column\" data-e-type=\"column\">\n\t\t\t<div class=\"elementor-widget-wrap elementor-element-populated\">\n\t\t\t\t\t\t<div class=\"elementor-element elementor-element-47d47acd elementor-widget elementor-widget-google_maps\" data-id=\"47d47acd\" data-element_type=\"widget\" data-e-type=\"widget\" data-widget_type=\"google_maps.default\">\n\t\t\t\t<div class=\"elementor-widget-container\">\n\t\t\t\t\t\t\t<div class=\"elementor-custom-embed\">\n\t\t\t<iframe loading=\"lazy\"\n\t\t\t\t\tsrc=\"https:\/\/maps.google.com\/maps?q=Baco%20de%20laimentos%20de%20bizkaia&#038;t=m&#038;z=12&#038;output=embed&#038;iwloc=near\"\n\t\t\t\t\ttitle=\"Baco de laimentos de bizkaia\"\n\t\t\t\t\taria-label=\"Baco de laimentos de bizkaia\"\n\t\t\t><\/iframe>\n\t\t<\/div>\n\t\t\t\t\t\t<\/div>\n\t\t\t\t<\/div>\n\t\t\t\t\t<\/div>\n\t\t<\/div>\n\t\t\t\t\t<\/div>\n\t\t<\/section>\n\t\t\t\t<\/div>\n\t\t<\/div><div id=\"jet-switcher-content-enable-977fe51\" class=\"jet-switcher__content jet-switcher__content--enable \" aria-hidden=\"true\">\t\t<div data-elementor-type=\"section\" data-elementor-id=\"640\" class=\"elementor elementor-640\" data-elementor-post-type=\"elementor_library\">\n\t\t\t\t\t<section class=\"elementor-section elementor-top-section elementor-element elementor-element-18a552e9 elementor-section-boxed elementor-section-height-default elementor-section-height-default\" data-id=\"18a552e9\" data-element_type=\"section\" data-e-type=\"section\">\n\t\t\t\t\t\t<div class=\"elementor-container elementor-column-gap-default\">\n\t\t\t\t\t<div class=\"elementor-column elementor-col-50 elementor-top-column elementor-element elementor-element-3bccd656\" data-id=\"3bccd656\" data-element_type=\"column\" data-e-type=\"column\" data-settings=\"{&quot;background_background&quot;:&quot;classic&quot;}\">\n\t\t\t<div class=\"elementor-widget-wrap elementor-element-populated\">\n\t\t\t\t\t\t<div class=\"elementor-element elementor-element-7a25b9f9 elementor-widget elementor-widget-text-editor\" data-id=\"7a25b9f9\" data-element_type=\"widget\" data-e-type=\"widget\" data-widget_type=\"text-editor.default\">\n\t\t\t\t<div class=\"elementor-widget-container\">\n\t\t\t\t\t\t\t\t\t<p><strong>MercaBilbao<\/strong><br \/>Barrio Ibarreta, 1 &#8211; Plaza 402,<br \/>48970 Basauri (Bizkaia)<br \/>944 403 013<br \/>mercabilbaol@bancali-biz.org<br \/>Horario: L-V, 8:00-12:00 h.<\/p>\t\t\t\t\t\t\t\t<\/div>\n\t\t\t\t<\/div>\n\t\t\t\t\t<\/div>\n\t\t<\/div>\n\t\t\t\t<div class=\"elementor-column elementor-col-50 elementor-top-column elementor-element elementor-element-11216793\" data-id=\"11216793\" data-element_type=\"column\" data-e-type=\"column\">\n\t\t\t<div class=\"elementor-widget-wrap elementor-element-populated\">\n\t\t\t\t\t\t<div class=\"elementor-element elementor-element-50f4428b elementor-widget elementor-widget-google_maps\" data-id=\"50f4428b\" data-element_type=\"widget\" data-e-type=\"widget\" data-widget_type=\"google_maps.default\">\n\t\t\t\t<div class=\"elementor-widget-container\">\n\t\t\t\t\t\t\t<div class=\"elementor-custom-embed\">\n\t\t\t<iframe loading=\"lazy\"\n\t\t\t\t\tsrc=\"https:\/\/maps.google.com\/maps?q=Mercabilbao&#038;t=m&#038;z=12&#038;output=embed&#038;iwloc=near\"\n\t\t\t\t\ttitle=\"Mercabilbao\"\n\t\t\t\t\taria-label=\"Mercabilbao\"\n\t\t\t><\/iframe>\n\t\t<\/div>\n\t\t\t\t\t\t<\/div>\n\t\t\t\t<\/div>\n\t\t\t\t\t<\/div>\n\t\t<\/div>\n\t\t\t\t\t<\/div>\n\t\t<\/section>\n\t\t\t\t<\/div>\n\t\t<\/div><\/div>\n\t\t<\/div>\n\t\t\t\t\t\t<\/div>\n\t\t\t\t<\/div>\n\t\t\t\t<div class=\"elementor-element elementor-element-fae984a elementor-button-align-stretch elementor-widget elementor-widget-form\" data-id=\"fae984a\" data-element_type=\"widget\" data-e-type=\"widget\" data-settings=\"{&quot;step_next_label&quot;:&quot;Siguiente&quot;,&quot;step_previous_label&quot;:&quot;Anterior&quot;,&quot;button_width&quot;:&quot;100&quot;,&quot;dce_confirm_dialog_enabled&quot;:&quot;no&quot;,&quot;step_type&quot;:&quot;number_text&quot;,&quot;step_icon_shape&quot;:&quot;circle&quot;,&quot;label_icon_size&quot;:{&quot;unit&quot;:&quot;px&quot;,&quot;size&quot;:&quot;&quot;,&quot;sizes&quot;:[]},&quot;field_icon_size&quot;:{&quot;unit&quot;:&quot;px&quot;,&quot;size&quot;:&quot;&quot;,&quot;sizes&quot;:[]}}\" data-widget_type=\"form.default\">\n\t\t\t\t<div class=\"elementor-widget-container\">\n\t\t\t\t\t\t\t<form class=\"elementor-form\" method=\"post\" name=\"Formulario de contacto (Euskera)\" aria-label=\"Formulario de contacto (Euskera)\">\n\t\t\t<input type=\"hidden\" name=\"post_id\" value=\"10419\"\/>\n\t\t\t<input type=\"hidden\" name=\"form_id\" value=\"fae984a\"\/>\n\t\t\t<input type=\"hidden\" name=\"referer_title\" value=\"Harremanetan Jarri - BANCO ALIMENTOS\" \/>\n\n\t\t\t\t\t\t\t<input type=\"hidden\" name=\"queried_id\" value=\"10419\"\/>\n\t\t\t\n\t\t\t<div class=\"elementor-form-fields-wrapper elementor-labels-above\">\n\t\t\t\t\t\t\t\t<div class=\"elementor-field-type-select elementor-field-group elementor-column elementor-field-group-field_7981b19 elementor-col-100 elementor-field-required elementor-mark-required\">\n\t\t\t\t\t\t\t\t\t\t\t\t<label for=\"form-field-field_7981b19\" class=\"elementor-field-label\">\n\t\t\t\t\t\t\t\tKontsultaren arrazoia\t\t\t\t\t\t\t<\/label>\n\t\t\t\t\t\t\t\t<div class=\"elementor-field elementor-select-wrapper remove-before \">\n\t\t\t<div class=\"select-caret-down-wrapper\">\n\t\t\t\t<i aria-hidden=\"true\" class=\"eicon-caret-down\"><\/i>\t\t\t<\/div>\n\t\t\t<select name=\"form_fields[field_7981b19]\" id=\"form-field-field_7981b19\" class=\"elementor-field-textual elementor-size-sm\" required=\"required\">\n\t\t\t\t\t\t\t\t\t<option value=\"Baskide egin nahi dut\">Baskide egin nahi dut<\/option>\n\t\t\t\t\t\t\t\t\t<option value=\"Nola bilakatu boluntario\">Nola bilakatu boluntario<\/option>\n\t\t\t\t\t\t\t\t\t<option value=\"Erakunde Laguntzaile bezala parte hartu\">Erakunde Laguntzaile bezala parte hartu<\/option>\n\t\t\t\t\t\t\t\t\t<option value=\"Elikatze-laguntza eskatu\">Elikatze-laguntza eskatu<\/option>\n\t\t\t\t\t\t\t\t\t<option value=\"Nire ekarpenarekin lotutako gorabeherak\">Nire ekarpenarekin lotutako gorabeherak<\/option>\n\t\t\t\t\t\t\t\t\t<option value=\"Proiektu didaktikoarekin lagundu nahi dut\">Proiektu didaktikoarekin lagundu nahi dut<\/option>\n\t\t\t\t\t\t\t\t\t<option value=\"Beste arrazoi batzuk\">Beste arrazoi batzuk<\/option>\n\t\t\t\t\t\t\t<\/select>\n\t\t<\/div>\n\t\t\t\t\t\t<\/div>\n\t\t\t\t\t\t\t\t<div class=\"elementor-field-type-text elementor-field-group elementor-column elementor-field-group-nombre elementor-col-100 elementor-field-required elementor-mark-required\">\n\t\t\t\t\t\t\t\t\t\t\t\t<label for=\"form-field-nombre\" class=\"elementor-field-label\">\n\t\t\t\t\t\t\t\tIzen-abizenak\t\t\t\t\t\t\t<\/label>\n\t\t\t\t\t\t\t\t\t\t\t\t\t\t<input size=\"1\" type=\"text\" name=\"form_fields[nombre]\" id=\"form-field-nombre\" class=\"elementor-field elementor-size-sm  elementor-field-textual\" placeholder=\"Izen-abizenak *\" required=\"required\">\n\t\t\t\t\t\t\t\t\t\t\t<\/div>\n\t\t\t\t\t\t\t\t<div class=\"elementor-field-type-tel elementor-field-group elementor-column elementor-field-group-tel elementor-col-50 elementor-field-required elementor-mark-required\">\n\t\t\t\t\t\t\t\t\t\t\t\t<label for=\"form-field-tel\" class=\"elementor-field-label\">\n\t\t\t\t\t\t\t\tTelefonoa\t\t\t\t\t\t\t<\/label>\n\t\t\t\t\t\t\t\t<input size=\"1\" type=\"tel\" name=\"form_fields[tel]\" id=\"form-field-tel\" class=\"elementor-field elementor-size-sm  elementor-field-textual\" placeholder=\"Telefonoa *\" required=\"required\" pattern=\"[0-9()#&amp;+*-=.]+\" title=\"Only numbers and phone characters (#, -, *, etc) are accepted.\">\n\n\t\t\t\t\t\t<\/div>\n\t\t\t\t\t\t\t\t<div class=\"elementor-field-type-email elementor-field-group elementor-column elementor-field-group-email elementor-col-50 elementor-field-required elementor-mark-required\">\n\t\t\t\t\t\t\t\t\t\t\t\t<label for=\"form-field-email\" class=\"elementor-field-label\">\n\t\t\t\t\t\t\t\tHelbide elektronikoa\t\t\t\t\t\t\t<\/label>\n\t\t\t\t\t\t\t\t\t\t\t\t\t\t<input size=\"1\" type=\"email\" name=\"form_fields[email]\" id=\"form-field-email\" class=\"elementor-field elementor-size-sm  elementor-field-textual\" placeholder=\"Helbide elektronikoa\" required=\"required\">\n\t\t\t\t\t\t\t\t\t\t\t<\/div>\n\t\t\t\t\t\t\t\t<div class=\"elementor-field-type-text elementor-field-group elementor-column elementor-field-group-empresa elementor-col-100\">\n\t\t\t\t\t\t\t\t\t\t\t\t<label for=\"form-field-empresa\" class=\"elementor-field-label\">\n\t\t\t\t\t\t\t\tEnpresa\t\t\t\t\t\t\t<\/label>\n\t\t\t\t\t\t\t\t\t\t\t\t\t\t<input size=\"1\" type=\"text\" name=\"form_fields[empresa]\" id=\"form-field-empresa\" class=\"elementor-field elementor-size-sm  elementor-field-textual\" placeholder=\"Enpresa\">\n\t\t\t\t\t\t\t\t\t\t\t<\/div>\n\t\t\t\t\t\t\t\t<div class=\"elementor-field-type-textarea elementor-field-group elementor-column elementor-field-group-mensaje elementor-col-100\">\n\t\t\t\t\t\t\t\t\t\t\t\t<label for=\"form-field-mensaje\" class=\"elementor-field-label\">\n\t\t\t\t\t\t\t\tMezua\t\t\t\t\t\t\t<\/label>\n\t\t\t\t\t\t<textarea class=\"elementor-field-textual elementor-field  elementor-size-sm\" name=\"form_fields[mensaje]\" id=\"form-field-mensaje\" rows=\"4\" placeholder=\"Mezua\"><\/textarea>\t\t\t\t<\/div>\n\t\t\t\t\t\t\t\t<div class=\"elementor-field-type-acceptance elementor-field-group elementor-column elementor-field-group-politica elementor-col-100 elementor-field-required elementor-mark-required\">\n\t\t\t\t\t\t\t<div class=\"elementor-field-subgroup\">\n\t\t\t<span class=\"elementor-field-option\">\n\t\t\t\t<input type=\"checkbox\" name=\"form_fields[politica]\" id=\"form-field-politica\" class=\"elementor-field elementor-size-sm  elementor-acceptance-field\" required=\"required\">\n\t\t\t\t<label for=\"form-field-politica\">Irakurri eta onartzen dut Banco de Alimentos de Bizkaiaren <a href=\"https:\/\/www.bancali-biz.org\/politica-de-privacidad\" target=\"_blank\">Pribatutasun Politika<\/a>.<\/label>\t\t\t<\/span>\n\t\t<\/div>\n\t\t\t\t\t\t<\/div>\n\t\t\t\t\t\t\t\t<div class=\"elementor-field-type-checkbox elementor-field-group elementor-column elementor-field-group-field_d2c89b7 elementor-col-100\">\n\t\t\t\t\t<div class=\"elementor-field-subgroup  \"><span class=\"elementor-field-option\"><input type=\"checkbox\" value=\"Onartzen dut Bizkaiko Elikagaien Bankuaren jarduerekin lotutako komunikazioak postaz, posta elektronikoz edo beste edozein bide elektronikoz jasotzea.\" id=\"form-field-field_d2c89b7-0\" name=\"form_fields[field_d2c89b7]\"> <label for=\"form-field-field_d2c89b7-0\">Onartzen dut Bizkaiko Elikagaien Bankuaren jarduerekin lotutako komunikazioak postaz, posta elektronikoz edo beste edozein bide elektronikoz jasotzea.<\/label><\/span><\/div>\t\t\t\t<\/div>\n\t\t\t\t\t\t\t\t<div class=\"elementor-field-type-html elementor-field-group elementor-column elementor-field-group-field_d07bca3 elementor-col-100\">\n\t\t\t\t\t<hr><br><span class=\"texto-legal\" style=\"font-size:10px\">Los datos de car\u00e1cter personal ser\u00e1n tratados por la FUNDACI\u00d3N BANCO DE ALIMENTOS DE BIZKAIA de acuerdo con lo establecido en el Reglamento General de Protecci\u00f3n de Datos (UE) 2016\/679 del Parlamento Europeo y del Consejo de 27 de abril de 2016. Los datos ser\u00e1n tratados con la finalidad de realizar la gesti\u00f3n ofertada por FUNDACION BANCO DE ALIMENTOS DE BIZKAIA.\n\nAsimismo, informamos sobre la posibilidad de ejercer los derechos de acceso, rectificaci\u00f3n, oposici\u00f3n, supresi\u00f3n, limitaci\u00f3n y portabilidad de los datos ante la FUNDACION BANCO DE ALIMENTOS DE BIZKAIA mediante la remisi\u00f3n de una comunicaci\u00f3n por escrito a la sede de la FUNDACI\u00d3N BANCO DE ALIMENTOS DE BIZKAIA, Avda. Cervantes, 49 - Mod 7 P.Baja - Basauri (Bizkaia) indicando nombre y apellidos, y adjuntando una fotocopia del DNI, Pasaporte u otro documento que acredite su identidad y su domicilio a efecto de notificaciones, o bien por correo electr\u00f3nico, adjuntando id\u00e9ntica informaci\u00f3n a general@bancali-biz.org.<\/span>\t\t\t\t<\/div>\n\t\t\t\t\t\t\t\t<div class=\"elementor-field-type-recaptcha_v3 elementor-field-group elementor-column elementor-field-group-field_f85a4b8 elementor-col-100 recaptcha_v3-inline\">\n\t\t\t\t\t<div class=\"elementor-field\" id=\"form-field-field_f85a4b8\"><div class=\"elementor-g-recaptcha\" data-sitekey=\"6Lf_OU8fAAAAAPieN3aeeNIDgDia0lTLkZtxj4OJ\" data-type=\"v3\" data-action=\"Form\" data-badge=\"inline\" data-size=\"invisible\"><\/div><\/div>\t\t\t\t<\/div>\n\t\t\t\t\t\t\t\t<div class=\"elementor-field-group elementor-column elementor-field-type-submit elementor-col-100 e-form__buttons\">\n\t\t\t\t\t<button class=\"elementor-button elementor-size-sm\" type=\"submit\">\n\t\t\t\t\t\t<span class=\"elementor-button-content-wrapper\">\n\t\t\t\t\t\t\t\t\t\t\t\t\t\t\t\t\t\t\t\t\t\t<span class=\"elementor-button-text\">Bidali<\/span>\n\t\t\t\t\t\t\t\t\t\t\t\t\t<\/span>\n\t\t\t\t\t<\/button>\n\t\t\t\t<\/div>\n\t\t\t<\/div>\n\t\t<\/form>\n\t\t\t\t\t\t<\/div>\n\t\t\t\t<\/div>\n\t\t\t\t\t<\/div>\n\t\t<\/div>\n\t\t\t\t\t<\/div>\n\t\t<\/section>\n\t\t\t\t<\/div>\n\t\t","protected":false},"excerpt":{"rendered":"<p>Basauri MercaBilbao BasauriAvda. Cervantes, 49Mod. 7 &#8211; P. Baja48970 Basauri (Bizkaia)944 499 258 general@bancali-biz.orgHorario: L-V, 8:30-12:30 h. MercaBilbaoBarrio Ibarreta, 1 &#8211; Plaza 402,48970 Basauri (Bizkaia)944 403 013mercabilbaol@bancali-biz.orgHorario: L-V, 8:00-12:00 h.<\/p>\n","protected":false},"author":1,"featured_media":0,"parent":0,"menu_order":0,"comment_status":"closed","ping_status":"closed","template":"","meta":{"give_campaign_id":0,"footnotes":""},"class_list":["post-10419","page","type-page","status-publish","hentry"],"campaignId":"","_links":{"self":[{"href":"https:\/\/www.bancali-biz.org\/eu\/wp-json\/wp\/v2\/pages\/10419","targetHints":{"allow":["GET"]}}],"collection":[{"href":"https:\/\/www.bancali-biz.org\/eu\/wp-json\/wp\/v2\/pages"}],"about":[{"href":"https:\/\/www.bancali-biz.org\/eu\/wp-json\/wp\/v2\/types\/page"}],"author":[{"embeddable":true,"href":"https:\/\/www.bancali-biz.org\/eu\/wp-json\/wp\/v2\/users\/1"}],"replies":[{"embeddable":true,"href":"https:\/\/www.bancali-biz.org\/eu\/wp-json\/wp\/v2\/comments?post=10419"}],"version-history":[{"count":0,"href":"https:\/\/www.bancali-biz.org\/eu\/wp-json\/wp\/v2\/pages\/10419\/revisions"}],"wp:attachment":[{"href":"https:\/\/www.bancali-biz.org\/eu\/wp-json\/wp\/v2\/media?parent=10419"}],"curies":[{"name":"wp","href":"https:\/\/api.w.org\/{rel}","templated":true}]}}